{"id":26,"date":"2023-09-18T01:08:00","date_gmt":"2023-09-18T01:08:00","guid":{"rendered":"https:\/\/morenodiazlaw.com\/?page_id=26"},"modified":"2023-10-26T20:59:48","modified_gmt":"2023-10-26T20:59:48","slug":"our-firm","status":"publish","type":"page","link":"https:\/\/morenodiazlaw.com\/es\/our-firm\/","title":{"rendered":"NUESTRA FIRMA"},"content":{"rendered":"<div data-elementor-type=\"wp-page\" data-elementor-id=\"26\" class=\"elementor elementor-26\" data-elementor-post-type=\"page\">\n\t\t\t\t<div data-particle_enable=\"false\" data-particle-mobile-disabled=\"false\" class=\"elementor-element elementor-element-a3e4ede e-flex e-con-boxed e-con e-parent\" data-id=\"a3e4ede\" data-element_type=\"container\" data-settings=\"{&quot;background_background&quot;:&quot;classic&quot;}\">\n\t\t\t\t\t<div class=\"e-con-inner\">\n\t\t<div data-particle_enable=\"false\" data-particle-mobile-disabled=\"false\" data-dce-background-image-url=\"https:\/\/morenodiazlaw.com\/wp-content\/uploads\/2023\/09\/Div-\u2b9e-Banner-01.jpg\" class=\"elementor-element elementor-element-4d7a66a e-flex e-con-boxed e-con e-child\" data-id=\"4d7a66a\" data-element_type=\"container\" data-settings=\"{&quot;background_background&quot;:&quot;classic&quot;}\">\n\t\t\t\t\t<div class=\"e-con-inner\">\n\t\t\t\t<div class=\"elementor-element elementor-element-10ee895 elementor-widget__width-initial elementor-widget-mobile__width-inherit elementor-widget elementor-widget-heading\" data-id=\"10ee895\" data-element_type=\"widget\" data-widget_type=\"heading.default\">\n\t\t\t\t<div class=\"elementor-widget-container\">\n\t\t\t\t\t<h2 class=\"elementor-heading-title elementor-size-default\"><div class=\"banner1\">\"La vida es el 10% de lo que nos pasa y el 90% de c\u00f3mo reaccionamos a ella.\" <div class=\"autorbanner\">- Charles R. Swindoll<\/div><\/div><\/h2>\t\t\t\t<\/div>\n\t\t\t\t<\/div>\n\t\t\t\t\t<\/div>\n\t\t\t\t<\/div>\n\t\t\t\t\t<\/div>\n\t\t\t\t<\/div>\n\t\t<div data-particle_enable=\"false\" data-particle-mobile-disabled=\"false\" class=\"elementor-element elementor-element-aa376d6 e-flex e-con-boxed e-con e-parent\" data-id=\"aa376d6\" data-element_type=\"container\">\n\t\t\t\t\t<div class=\"e-con-inner\">\n\t\t\t\t<div class=\"elementor-element elementor-element-868828c elementor-widget elementor-widget-dce-breadcrumbs\" data-id=\"868828c\" data-element_type=\"widget\" data-widget_type=\"dce-breadcrumbs.default\">\n\t\t\t\t<div class=\"elementor-widget-container\">\n\t\t\t\t\t<ul><li class=\"item-home\"><a class=\"bread-link bread-home\" href=\"https:\/\/morenodiazlaw.com\/es\" title=\"Inicio\">Inicio<\/a><\/li><li class=\"separator separator-home\"> <span class=\"dce-separator\"> &gt; <\/span> <\/li><\/ul>\t\t\t\t<\/div>\n\t\t\t\t<\/div>\n\t\t\t\t<div class=\"elementor-element elementor-element-4cb6023 elementor-widget elementor-widget-heading\" data-id=\"4cb6023\" data-element_type=\"widget\" data-widget_type=\"heading.default\">\n\t\t\t\t<div class=\"elementor-widget-container\">\n\t\t\t\t\t<h1 class=\"elementor-heading-title elementor-size-default\">Nuestra firma<\/h1>\t\t\t\t<\/div>\n\t\t\t\t<\/div>\n\t\t\t\t<div class=\"elementor-element elementor-element-b3d0ed0 elementor-widget elementor-widget-text-editor\" data-id=\"b3d0ed0\" data-element_type=\"widget\" data-widget_type=\"text-editor.default\">\n\t\t\t\t<div class=\"elementor-widget-container\">\n\t\t\t\t\t\t\t\t\tMoreno D\u00edaz Bufete de abogados representa a las empresas, as\u00ed como las personas que sufren el proceso de inmigraci\u00f3n de EE.UU. . Nuestra pr\u00e1ctica es exclusivamente en los EE.UU. ley de inmigraci\u00f3n. Nos esforzamos por proporcionar a cada cliente un conocimiento paso a paso del proceso de inmigraci\u00f3n y proporcionar a nuestros clientes la informaci\u00f3n m\u00e1s actualizada sobre los tiempos de procesamiento actuales y las pr\u00e1cticas procesales internas generales que pueden afectar a cada caso individual.\t\t\t\t\t\t\t\t<\/div>\n\t\t\t\t<\/div>\n\t\t\t\t<div class=\"elementor-element elementor-element-20da517 elementor-widget elementor-widget-text-editor\" data-id=\"20da517\" data-element_type=\"widget\" data-widget_type=\"text-editor.default\">\n\t\t\t\t<div class=\"elementor-widget-container\">\n\t\t\t\t\t\t\t\t\t<p>Nuestra misi\u00f3n principal es que nuestros clientes tengan un conocimiento completo del proceso de inmigraci\u00f3n y tengan acceso y comunicaci\u00f3n continua con la firma durante todo el proceso de inmigraci\u00f3n.<\/p>\t\t\t\t\t\t\t\t<\/div>\n\t\t\t\t<\/div>\n\t\t\t\t<div class=\"elementor-element elementor-element-26be124 dce_masking-none elementor-widget elementor-widget-image\" data-id=\"26be124\" data-element_type=\"widget\" data-widget_type=\"image.default\">\n\t\t\t\t<div class=\"elementor-widget-container\">\n\t\t\t\t\t\t\t\t\t\t\t\t\t\t\t<img fetchpriority=\"high\" decoding=\"async\" width=\"800\" height=\"532\" src=\"https:\/\/morenodiazlaw.com\/wp-content\/uploads\/2023\/10\/ClaudiaMoreno-210-Edit.jpg\" class=\"attachment-large size-large wp-image-1795\" alt=\"\" srcset=\"https:\/\/morenodiazlaw.com\/wp-content\/uploads\/2023\/10\/ClaudiaMoreno-210-Edit.jpg 1024w, https:\/\/morenodiazlaw.com\/wp-content\/uploads\/2023\/10\/ClaudiaMoreno-210-Edit-300x200.jpg 300w, https:\/\/morenodiazlaw.com\/wp-content\/uploads\/2023\/10\/ClaudiaMoreno-210-Edit-768x511.jpg 768w, https:\/\/morenodiazlaw.com\/wp-content\/uploads\/2023\/10\/ClaudiaMoreno-210-Edit-18x12.jpg 18w\" sizes=\"(max-width: 800px) 100vw, 800px\" \/>\t\t\t\t\t\t\t\t\t\t\t\t\t\t\t<\/div>\n\t\t\t\t<\/div>\n\t\t\t\t\t<\/div>\n\t\t\t\t<\/div>\n\t\t\t\t<\/div>","protected":false},"excerpt":{"rendered":"<p>Life is 10% what happens to us and 90% how we react to it.&#8221; &#8211; Charles R. Swindoll Home &gt; Our firm Moreno Diaz Law Firm represents companies as well as individuals undergoing the U.S. immigration process. Our practice is exclusively in the are of U.S. immigration law. We strive to provide each client with [&hellip;]<\/p>","protected":false},"author":2,"featured_media":0,"parent":0,"menu_order":0,"comment_status":"closed","ping_status":"closed","template":"elementor_header_footer","meta":{"footnotes":""},"class_list":["post-26","page","type-page","status-publish","hentry"],"_links":{"self":[{"href":"https:\/\/morenodiazlaw.com\/es\/wp-json\/wp\/v2\/pages\/26","targetHints":{"allow":["GET"]}}],"collection":[{"href":"https:\/\/morenodiazlaw.com\/es\/wp-json\/wp\/v2\/pages"}],"about":[{"href":"https:\/\/morenodiazlaw.com\/es\/wp-json\/wp\/v2\/types\/page"}],"author":[{"embeddable":true,"href":"https:\/\/morenodiazlaw.com\/es\/wp-json\/wp\/v2\/users\/2"}],"replies":[{"embeddable":true,"href":"https:\/\/morenodiazlaw.com\/es\/wp-json\/wp\/v2\/comments?post=26"}],"version-history":[{"count":55,"href":"https:\/\/morenodiazlaw.com\/es\/wp-json\/wp\/v2\/pages\/26\/revisions"}],"predecessor-version":[{"id":1801,"href":"https:\/\/morenodiazlaw.com\/es\/wp-json\/wp\/v2\/pages\/26\/revisions\/1801"}],"wp:attachment":[{"href":"https:\/\/morenodiazlaw.com\/es\/wp-json\/wp\/v2\/media?parent=26"}],"curies":[{"name":"wp","href":"https:\/\/api.w.org\/{rel}","templated":true}]}}